{"id":1057,"date":"2025-08-31T16:07:06","date_gmt":"2025-08-31T14:07:06","guid":{"rendered":"https:\/\/schiedam.3dtandarts.com\/?page_id=1057"},"modified":"2026-01-11T11:52:04","modified_gmt":"2026-01-11T09:52:04","slug":"prezzi-dentista-olanda","status":"publish","type":"page","link":"https:\/\/schiedam.3dtandarts.com\/it\/prezzi-dentista-olanda\/","title":{"rendered":"Prezzi"},"content":{"rendered":"<p>Presso <strong>3D Tandarts<\/strong> crediamo che la trasparenza nelle cure e nei pagamenti contribuisca a creare fiducia. Per questo motivo di seguito troverete, in modo semplice e chiaro, tutte le informazioni sui nostri costi e sulle opzioni di pagamento.<\/p>\n\n\n\n<h3 class=\"wp-block-heading\" id=\"een-vast-tarief-duidelijk-en-eerlijk\">Prezzo chiaro ed equo<\/h3>\n\n\n\n<p>Tutte le tariffe odontoiatriche nei Paesi Bassi sono fissate per legge dall' <strong>Autorit\u00e0 sanitaria olandese (NZa)<\/strong>. L'elenco delle prestazioni e delle relative tariffe <a href=\"https:\/\/puc.overheid.nl\/nza\/doc\/PUC_764375_22\/1\/\"><strong>si possono trovare qui<\/strong><\/a>. <\/p>\n\n\n\n<p>Ci\u00f2 significa che i nostri prezzi sono in linea con quelli di tutti gli altri studi medici del paese, con garanzia di equit\u00e0 e chiarezza per voi. <\/p>\n\n\n\n<p class=\"translation-block\">Una <strong>prima visita (intake)<\/strong> costa generalmente tra <strong>\u20ac80 e \u20ac200<\/strong>, a seconda degli esami diagnostici (come radiografie o altri accertamenti supplementari) necessari durante la visita.<\/p>\n\n\n\n<p>Tutti i <strong>piani di trattamento con un costo stimato superiore a 250 euro<\/strong> sono sempre discussi con voi in anticipo e richiedono una <strong>approvazione scritta del paziente<\/strong> prima dell'inizio del trattamento. In questo modo, saprete esattamente quali costi aspettarvi, senza sorprese successive.<\/p>\n\n\n\n<p>\ud83d\udc49 <strong>Per i bambini fino a 18 anni<\/strong>: i bambini sono i benvenuti non appena spunta il primo dentino. <br>Fino al compimento del 18\u00b0 anno di et\u00e0, l'assistenza odontoiatrica \u00e8 in gran parte coperta dalla <strong>assicurazione di base<\/strong>.<br>Ci\u00f2 significa che i bambini con l\u2019assicurazione di base <strong>non devono pagare nulla <\/strong>per la prima visita e per i trattamenti pi\u00f9 comuni <strong>.<\/strong>.<\/p>\n\n\n\n<p>\ud83d\udc49 <strong>Per gli adulti<\/strong> La prima visita \u00e8 in genere rimborsata da tutte le <strong>assicurazioni dentistiche complementari<\/strong>. Avviso: <strong>alcuni assicuratori rimborsano la presa in carico solo una volta per anno solare<\/strong>. Se \u00e8 gi\u00e0 stata rimborsata una visita all'inizio dell'anno, non \u00e8 possibile richiedere una seconda visita. Pertanto, verificate sempre le condizioni della vostra polizza.<\/p>\n\n\n\n<p>Per i trattamenti pi\u00f9 estesi, come corone o protesi dentarie, i <strong>costi dei materiali<\/strong> si sommano a quelli delle prestazioni. Naturalmente, prima di ogni trattamento vi forniremo un preventivo personalizzato, in modo che non dobbiate affrontare costi inaspettati.<\/p>\n\n\n\n<hr class=\"wp-block-separator has-alpha-channel-opacity\"\/>\n\n\n\n<h3 class=\"wp-block-heading\" id=\"transparante-facturering-wij-regelen-het-samen-met-infomedics\">Fatturazione trasparente: la organizziamo insieme a Infomedics<\/h3>\n\n\n\n<p>Grazie a Infomedics, non dovrete preoccuparvi di pagamenti complicati. La fattura viene, ove possibile, <strong>inviata direttamente alla vostra assicurazione sanitaria.<\/strong> Riceverete una fattura solo per l'eventuale importo residuo non corrisposto dall'assicurazione.<\/p>\n\n\n\n<figure class=\"wp-block-image is-resized\"><a href=\"https:\/\/infomedics.nl\"><img decoding=\"async\" src=\"https:\/\/www.infomedics.nl\/themes\/custom\/infomedics\/logo.svg\" alt=\"Home\" style=\"width:200px\"\/><\/a><\/figure>\n\n\n\n<p>Attraverso <strong><a href=\"http:\/\/infomedics.nl\" data-type=\"link\" data-id=\"infomedics.nl\">Il portale online di Infomedics<\/a><\/strong> \u00e8 possibile:<\/p>\n\n\n\n<ul class=\"wp-block-list\">\n<li>visualizzare facilmente le fatture,<\/li>\n\n\n\n<li>pagare in modo sicuro con <strong>iDEAL<\/strong>,<\/li>\n\n\n\n<li>fare una domanda sulla vostra fattura.<\/li>\n<\/ul>\n\n\n\n<h3 class=\"wp-block-heading\" id=\"flexibele-betaalmogelijkheden-1\">Opzioni di pagamento flessibili<\/h3>\n\n\n\n<p>Siamo consapevoli che i momenti di pagamento a volte giungono inaspettati. Ecco perch\u00e9 Infomedics offre soluzioni flessibili:<\/p>\n\n\n\n<ul class=\"wp-block-list\">\n<li>Per impostazione predefinita avete <strong>30 giorni<\/strong> per pagare la fattura. <\/li>\n\n\n\n<li>Avete bisogno di qualche giorno in pi\u00fa? \u00c8 possibile posticipare il pagamento <strong>gratuitamente<\/strong>.<\/li>\n\n\n\n<li>Preferite pagare a rate? \u00c8 possibile! Infomedics offre <strong>piani di pagamento (a rate)<\/strong>, con o senza un piccolo sovrapprezzo. <\/li>\n<\/ul>\n\n\n\n<hr class=\"wp-block-separator has-alpha-channel-opacity\"\/>\n\n\n\n<h3 class=\"wp-block-heading\" id=\"betalen-in-de-praktijk\">Pagare in studio<\/h3>\n\n\n\n<p>Naturalmente, \u00e8 possibile pagare anche direttamente presso il nostro studio:<\/p>\n\n\n\n<ul class=\"wp-block-list\">\n<li><strong>Il pagamento con PIN<\/strong> \u00e8 preferibile: sicuro, veloce e facile.<\/li>\n\n\n\n<li><strong>Il pagamento in contanti<\/strong> \u00e8 possibile, ma noi lo sconsigliamo e di solito non abbiamo a disposizione alcun resto.<\/li>\n<\/ul>","protected":false},"excerpt":{"rendered":"<p>Bij 3D Tandarts geloven wij dat transparantie in zowel zorg als betaling bijdraagt aan vertrouwen. Daarom vindt u hieronder op een geruststellende \u00e9n heldere manier alle informatie over onze kosten en betaalmogelijkheden. E\u00e9n vast tarief, duidelijk en eerlijk Alle tandheelkundige tarieven in Nederland zijn wettelijk vastgesteld door de Nederlandse Zorgautoriteit (NZa). Prestatie- en tariefbeschikking vindt [&hellip;]<\/p>\n","protected":false},"author":1,"featured_media":0,"parent":0,"menu_order":0,"comment_status":"closed","ping_status":"closed","template":"","meta":{"_seopress_robots_primary_cat":"","_seopress_titles_title":"","_seopress_titles_desc":"Bij 3D Tandarts geloven wij dat transparantie in zowel zorg als betaling bijdraagt aan vertrouwen. Daarom vindt u hier onze kosten en betaalmogelijkheden","_seopress_robots_index":"","_gspb_post_css":"","footnotes":""},"class_list":["post-1057","page","type-page","status-publish","hentry"],"blocksy_meta":[],"jetpack_sharing_enabled":true,"_links":{"self":[{"href":"https:\/\/schiedam.3dtandarts.com\/it\/wp-json\/wp\/v2\/pages\/1057","targetHints":{"allow":["GET"]}}],"collection":[{"href":"https:\/\/schiedam.3dtandarts.com\/it\/wp-json\/wp\/v2\/pages"}],"about":[{"href":"https:\/\/schiedam.3dtandarts.com\/it\/wp-json\/wp\/v2\/types\/page"}],"author":[{"embeddable":true,"href":"https:\/\/schiedam.3dtandarts.com\/it\/wp-json\/wp\/v2\/users\/1"}],"replies":[{"embeddable":true,"href":"https:\/\/schiedam.3dtandarts.com\/it\/wp-json\/wp\/v2\/comments?post=1057"}],"version-history":[{"count":9,"href":"https:\/\/schiedam.3dtandarts.com\/it\/wp-json\/wp\/v2\/pages\/1057\/revisions"}],"predecessor-version":[{"id":1899,"href":"https:\/\/schiedam.3dtandarts.com\/it\/wp-json\/wp\/v2\/pages\/1057\/revisions\/1899"}],"wp:attachment":[{"href":"https:\/\/schiedam.3dtandarts.com\/it\/wp-json\/wp\/v2\/media?parent=1057"}],"curies":[{"name":"wp","href":"https:\/\/api.w.org\/{rel}","templated":true}]}}