{"id":1268,"date":"2025-11-04T12:14:45","date_gmt":"2025-11-04T10:14:45","guid":{"rendered":"https:\/\/schiedam.3dtandarts.com\/?page_id=1268"},"modified":"2026-02-22T23:03:11","modified_gmt":"2026-02-22T21:03:11","slug":"dove-siamo","status":"publish","type":"page","link":"https:\/\/schiedam.3dtandarts.com\/it\/dove-siamo\/","title":{"rendered":"Dove Siamo"},"content":{"rendered":"<h2 class=\"wp-block-heading\" id=\"route\">Dove Siamo<\/h2>\n\n\n\n<div class=\"wp-block-greenshift-blocks-container gspb_container gspb_container-gsbp-b7a6313\" id=\"gspb_container-id-gsbp-b7a6313\">\n<p>Lo Studio Dentistico 3D Tandarts si trova all\u2019interno della Stazione di treni e metro Schiedam Centrum, a pochi minuti di viaggio da Rotterdam Blaak, all\u2019indirizzo Stationsplein 12.<\/p>\n\n\n\n<!-- Google Maps embed - 3D Tandarts Schiedam -->\n<iframe\n  width=\"100%\"\n  height=\"400\"\n  style=\"    border:10px solid navy;    border-radius:10px;    box-sizing:border-box;  \"\n  loading=\"lazy\"\n  allowfullscreen\n referrerpolicy=\"no-referrer-when-downgrade\"\n  src=\"https:\/\/www.google.com\/maps?q=3D%20Tandarts%20Stationsplein%2012,%20Schiedam&#038;z=17&#038;output=embed\">\n<\/iframe>\n\n\n\n<figure class=\"wp-block-image size-full has-custom-border is-style-default\" style=\"margin-top:var(--wp--preset--spacing--20);margin-bottom:var(--wp--preset--spacing--20)\"><img decoding=\"async\" src=\"https:\/\/schiedam.3dtandarts.com\/wp-content\/uploads\/2026\/02\/mappa-stazione.svg\" alt=\"tandarts rotterdam - station schiedam\" class=\"wp-image-2074\" style=\"border-width:10px;border-radius:10px\"\/><\/figure>\n\n\n\n<p class=\"translation-block\"><strong>\ud83d\udc49 <\/strong>Si entra in stazione dal lato <em><strong>Piazza della Stazione<\/strong><\/em>? <br>La nostra entrata \u00e8 <strong>la prima porta a sinistra<\/strong> appena si entra.<\/p>\n\n\n\n<p class=\"translation-block\"><strong>\ud83d\udc49 <\/strong>Venite in tram e scendete alla fermata <em><strong>Overschiesestraat<\/strong><\/em>? <br>Camminate per qualche metro verso la stazione, passando davanti al supermercato <strong>Spar<\/strong>.<br>Il nostro studio si trova <strong>nel primo edificio che incontrate<\/strong>, prima dell'ingresso della stazione.<\/p>\n\n\n\n<p class=\"translation-block\"><strong>\ud83d\udc49 <\/strong>Venite dal retro della stazione (<em><strong>Parallelsweg <\/strong><\/em>o <em><strong>Horvathweg<\/strong><\/em>)? <br>Attraversate la stazione fino all'uscita di Piazza della Stazione: il nostro ingresso \u00e8 <strong>immediatamente sulla destra<\/strong> prima di uscire dalla Stazione.<br>Potete anche fare il giro della stazione attraverso la <strong>Overschieseweg<\/strong>, passare sotto il <strong>Brandersbrug<\/strong> fino a raggiungere la <strong>Overschiesestraat<\/strong>, e poi camminare verso la stazione: il nostro studio si trova nel primo edificio vicino all'ingresso.<\/p>\n\n\n\n<h2 class=\"wp-block-heading\" id=\"met-openbaar-vervoer-naar-de-tandarts\">Dal Dentista con i mezzi pubblici<\/h2>\n\n\n\n<h3>Metro<\/h3>\n\n\n\n<p class=\"translation-block\"><strong>Lo studio dentistico 3D Tandarts \u00e8 facilmente raggiungibile con le linee A, B e C della metropolitana RET.<\/strong><br>Da numerose localit\u00e0 della regione, \u00e8 possibile raggiungere facilmente la stazione <strong>Schiedam Centrum<\/strong>, dove si trova il nostro studio.<\/p>\n\n\n\n<p><strong>Collegamenti diretti da:<\/strong><\/p>\n\n\n\n<ul class=\"wp-block-list\">\n<li><strong>Rotterdam Centrale<\/strong>, <strong>Rotterdam Blaak <\/strong><\/li>\n\n\n\n<li><strong>Beurs<\/strong> (centro di Rotterdam, interscambio con tutte le linee)<\/li>\n\n\n\n<li><strong>Zuidplein<\/strong> (centro commerciale, via linea C)<\/li>\n\n\n\n<li><strong>Kralingse Zoom<\/strong> (Universit\u00e0 di Scienze Applicate di Rotterdam, via A\/B)<\/li>\n\n\n\n<li><strong>Capelsebrug e De Terp<\/strong> (Capelle aan den IJssel, via C)<\/li>\n\n\n\n<li><strong>Nesselande<\/strong> (tramite la linea B)<\/li>\n\n\n\n<li><strong>Binnenhof<\/strong> (tramite la linea A)<\/li>\n\n\n\n<li><strong>Spijkenisse \/ De Akkers<\/strong> (via linea C)<\/li>\n\n\n\n<li><strong>Vlaardingen Est<\/strong> <\/li>\n\n\n\n<li><strong>Vijfsluizen<\/strong><\/li>\n\n\n\n<li><strong>Pernis<\/strong><\/li>\n\n\n\n<li><strong>Maasluis<\/strong><\/li>\n<\/ul>\n\n\n\n<p>Questi eccellenti collegamenti vi porteranno rapidamente a destinazione, sia che viaggiate per lavoro, per studio o da casa.<\/p>\n\n\n\n<h3 class=\"wp-block-heading\" id=\"ooit-gedacht-om-met-de-trein-naar-de-tandarts-te-gaan\">Avete mai pensato di andare dal dentista in treno?<\/h3>\n\n\n\n<p class=\"translation-block\">3D Tandarts si trova <strong>direttamente alla stazione centrale di Schiedam<\/strong> - il luogo ideale per chi apprezza la comodit\u00e0 e il risparmio di tempo. Grazie a questa posizione unica, potrete trasferirvi facilmente... <strong>per un sorriso radioso<\/strong>!<\/p>\n\n\n\n<p class=\"translation-block\">Da <strong>Rotterdam Centraal, Rotterdam Blaak, Rotterdam Noord, Vlaardingen, Delft,<\/strong><br>potete raggiungerci in <strong>15\/ max 20 minuti<\/strong>.<\/p>\n\n\n\n<p>Che stiate andando al lavoro, a scuola o a casa: programmare una visita odontoiatrica non \u00e8 mai stato cos\u00ec facile.<\/p>\n\n\n\n<h3>Autobus<\/h3>\n\n\n\n<p>Diversi autobus si fermano a Schiedam Centrum.<\/p>\n\n\n\n<ul class=\"wp-block-list\">\n<li><strong>Autobus 38 <\/strong>- Rotterdam Centrale, Crooswijk<\/li>\n\n\n\n<li><strong>Autobus 51<\/strong>,<strong> 52<\/strong>,<strong> 53 <\/strong>- Schiedam Woudhoek - Groenoord<\/li>\n\n\n\n<li><strong>Autobus 54 <\/strong>\u2013 Schiedam De Gorzen<\/li>\n\n\n\n<li><strong>Autobus 105 <\/strong>- Rozenburg - Botlek - Spijkenisse<\/li>\n\n\n\n<li><strong>Autobus 126 <\/strong>- Vlaardingen - Maasland - Maasluis<\/li>\n<\/ul>\n\n\n\n<p class=\"translation-block\">Le fermate degli autobus si trovano direttamente sopra la stazione ferroviaria Schiedam Centrum.<br>\u00c8 possibile raggiungere facilmente la stazione a piedi tramite i sottopassaggi adiacenti alle fermate.<br>Il nostro studio si trova di fronte alle scale, accanto all'ingresso principale della Stazione.<\/p>\n\n\n\n<h3>Tram<\/h3>\n\n\n\n<p class=\"translation-block\">3D Tnadarts \u00e8 raggiungibile in tram con la <strong>linea 1 <\/strong>e la <strong>linea 11<\/strong>, da:<\/p>\n\n\n\n<ul class=\"wp-block-list\">\n<li><strong>Schiedam <\/strong>\n<ul class=\"wp-block-list\">\n<li>Centrum<\/li>\n\n\n\n<li>Oost<\/li>\n\n\n\n<li>Bijdorp<\/li>\n\n\n\n<li>Niewland<\/li>\n\n\n\n<li>Groenoord<\/li>\n<\/ul>\n<\/li>\n\n\n\n<li><strong>Rotterdam <\/strong>\n<ul class=\"wp-block-list\">\n<li>Witte dorp<\/li>\n\n\n\n<li>Bospolder <\/li>\n\n\n\n<li>Oud-Mathenesse <\/li>\n\n\n\n<li>Nieuw-Mathenesse <\/li>\n\n\n\n<li>Tussendijken <\/li>\n\n\n\n<li>West<\/li>\n<\/ul>\n<\/li>\n\n\n\n<li><strong>Vlaardingen <\/strong>\n<ul class=\"wp-block-list\">\n<li>Holy Noord<\/li>\n<\/ul>\n<\/li>\n<\/ul>\n\n\n\n<h2>Parcheggio<\/h2>\n\n\n\n<h3>In auto<\/h3>\n\n\n\n<p class=\"translation-block\">Il parcheggio a pagamento \u00e8 disponibile davanti alla porta, ma a volte pu\u00f2 essere affollato.<br>Vuoi un parcheggio pi\u00f9 facile? Utilizza uno dei parcheggi P+R nelle vicinanze:<\/p>\n\n\n\n<ul class=\"wp-block-list\">\n<li><strong>P+R Schiedam Centrum<\/strong><\/li>\n\n\n\n<li><strong>P+R Parallelweg<\/strong><\/li>\n\n\n\n<li><strong>P+R Horvathweg<\/strong><\/li>\n<\/ul>\n\n\n\n<p>Questi parcheggi si trovano a soli 5 minuti a piedi dal nostro studio.<\/p>\n\n\n\n<h3>Con la bicicletta<\/h3>\n\n\n\n<p class=\"translation-block\">3D Tandarts si trova proprio accanto alla rimessa custodita per biciclette della stazione NS Schiedam Centrum, in <strong>Stationsplein<\/strong>. <br>Qui \u00e8 possibile <strong>parcheggiare gratuitamente e in sicurezza la propria bicicletta<\/strong>.<\/p>\n\n\n\n<p class=\"translation-block\">\ud83d\udd14 Si prega di notare che le biciclette non possono essere parcheggiate nella piazza stessa (Stationsplein) - utilizzate il parcheggio ufficiale.<\/p>\n<\/div>","protected":false},"excerpt":{"rendered":"<p>Dove Siamo<\/p>","protected":false},"author":1,"featured_media":0,"parent":0,"menu_order":0,"comment_status":"closed","ping_status":"closed","template":"","meta":{"_seopress_robots_primary_cat":"","_seopress_titles_title":"Route","_seopress_titles_desc":"3D Tandarts bevindt zich in Station Schiedam Centrum. De praktijk is dus uitstekend bereikbaar \u2013 of je nu komt met de fiets, de auto of het openbaar vervoer.","_seopress_robots_index":"","_gspb_post_css":".gspb_container-id-gsbp-b7a6313{flex-direction:column;box-sizing:border-box}#gspb_container-id-gsbp-b7a6313.gspb_container>p:last-of-type{margin-bottom:0}#gspb_container-id-gsbp-b7a6313.gspb_container{position:relative;margin:3px 3px 120px;padding:3px}@media (max-width:991.98px){#gspb_container-id-gsbp-b7a6313.gspb_container{margin-bottom:80px;padding:50px}}@media (max-width:575.98px){#gspb_container-id-gsbp-b7a6313.gspb_container{margin:0 0 60px;padding:20px 5px}}#gspb_container-id-gsbp-b7a6313.gspb_container,#gspb_container-id-gsbp-b7a6313.gspb_container>.gspb_backgroundOverlay{border-top-left-radius:40px;border-top-right-radius:40px;border-bottom-right-radius:40px;border-bottom-left-radius:40px}#gspb_container-id-gsbp-b7a6313.gspb_container{background-color:#f7fafd}","footnotes":""},"class_list":["post-1268","page","type-page","status-publish","hentry"],"blocksy_meta":{"has_hero_section":"disabled","vertical_spacing_source":"custom","content_area_spacing":"none","styles_descriptor":{"styles":{"desktop":"","tablet":"","mobile":""},"google_fonts":[],"version":6}},"jetpack_sharing_enabled":true,"_links":{"self":[{"href":"https:\/\/schiedam.3dtandarts.com\/it\/wp-json\/wp\/v2\/pages\/1268","targetHints":{"allow":["GET"]}}],"collection":[{"href":"https:\/\/schiedam.3dtandarts.com\/it\/wp-json\/wp\/v2\/pages"}],"about":[{"href":"https:\/\/schiedam.3dtandarts.com\/it\/wp-json\/wp\/v2\/types\/page"}],"author":[{"embeddable":true,"href":"https:\/\/schiedam.3dtandarts.com\/it\/wp-json\/wp\/v2\/users\/1"}],"replies":[{"embeddable":true,"href":"https:\/\/schiedam.3dtandarts.com\/it\/wp-json\/wp\/v2\/comments?post=1268"}],"version-history":[{"count":32,"href":"https:\/\/schiedam.3dtandarts.com\/it\/wp-json\/wp\/v2\/pages\/1268\/revisions"}],"predecessor-version":[{"id":2078,"href":"https:\/\/schiedam.3dtandarts.com\/it\/wp-json\/wp\/v2\/pages\/1268\/revisions\/2078"}],"wp:attachment":[{"href":"https:\/\/schiedam.3dtandarts.com\/it\/wp-json\/wp\/v2\/media?parent=1268"}],"curies":[{"name":"wp","href":"https:\/\/api.w.org\/{rel}","templated":true}]}}