{"id":1343,"date":"2025-11-16T00:36:16","date_gmt":"2025-11-15T22:36:16","guid":{"rendered":"https:\/\/schiedam.3dtandarts.com\/?page_id=1343"},"modified":"2026-01-04T18:41:40","modified_gmt":"2026-01-04T16:41:40","slug":"endodonzia-terapia-canale","status":"publish","type":"page","link":"https:\/\/schiedam.3dtandarts.com\/it\/endodonzia-terapia-canale\/","title":{"rendered":"Trattamento canalare presso 3D Tandarts - Schiedam Centrum Station"},"content":{"rendered":"<h3 class=\"wp-block-heading\" id=\"snel-van-uw-kiespijn-af\">Liberarsi velocemente del mal di denti<\/h3>\n\n\n\n<p class=\"translation-block\">Soffrite di un mal di denti fastidioso o pulsante? <br>Presso <strong>3D Tandarts<\/strong> nella Stazione Schiedam Centrum, eseguiamo trattamenti canalari con anestesia moderna, diga di gomma, ingrandimento (microscopio) e, nei casi pi\u00f9 complessi, disinfezione aggiuntiva con il laser.<\/p>\n\n\n\n<p>In questo modo il trattamento sar\u00e0 il pi\u00f9 confortevole e prevedibile possibile, con l'obiettivo di preservare il dente.<\/p>\n\n\n\n<p><strong>Proprio all'interno della Stazione Schiedam Centrum<\/strong><br><strong>Tecnologia moderna: diga di gomma, ingrandimento, laser.<\/strong><br><strong>Ampie spiegazioni e tempo per le vostre domande<\/strong><\/p>\n\n\n\n<div class=\"wp-block-greenshift-blocks-row gspb_row gspb_row-id-gsbp-917e1de gspb_row--gutter-custom-0\" id=\"gspb_row-id-gsbp-917e1de\"><div class=\"gspb_row__content\"> \n<div class=\"wp-block-greenshift-blocks-row-column gspb_row__col--6 gspb_row__col--md-12 gspb_col-id-gsbp-5380bc3\" id=\"gspb_col-id-gsbp-5380bc3\">\n<h2 id=\"gspb_heading-id-gsbp-c2d49a4\" class=\"gspb_heading gspb_heading-id-gsbp-c2d49a4\">Avete bisogno di un trattamento canalare?<\/h2>\n\n\n\n<div id=\"gspb_text-id-gsbp-851a31d\" class=\"gspb_text gspb_text-id-gsbp-851a31d translation-block\">Se in questo momento provate dolore o sospettate un'infiammazione dentale, programmate immediatamente un appuntamento per valutare la situazione e prevenire ulteriori danni.<br><br>Cliccate qui sotto per fissare il vostro primo <a href=\"https:\/\/schiedam.3dtandarts.com\/it\/appuntamento-visita-dentista\/\" target=\"_self\">appuntamento<\/a>, <br>o <strong>chiamateci al <a href=\"tel:0108906536\" target=\"_self\">010 890 65 36<\/a><\/strong>.<\/div>\n\n\n\n<div class=\"gspb_button_wrapper gspb_button-id-gsbp-5ffb24f\" id=\"gspb_button-id-gsbp-5ffb24f\"><a class=\"wp-block-greenshift-blocks-buttonbox gspb-buttonbox wp-element-button\" href=\"https:\/\/schiedam.3dtandarts.com\/it\/fissare-un-appuntamento\/\" rel=\"noopener\"><span class=\"gspb-buttonbox-textwrap\"><span class=\"gspb-buttonbox-text\"><span class=\"gspb-buttonbox-title\">Prenota ora<\/span><\/span><span class=\"gspb-buttonbox-icon\"><svg xmlns=\"http:\/\/www.w3.org\/2000\/svg\" style=\"width:5rem;height:5rem;margin:10px\" viewbox=\"0 0 24 24\"><path fill-rule=\"evenodd\" d=\"M24 0v22.78h-2.87V4.9L2.03 24 0 21.97l19.1-19.1H1.26V0H24Z\"><\/path><\/svg><\/span><\/span><\/a><\/div>\n\n\n\n<p class=\"translation-block\"><strong>Siete gi\u00e0 nostri pazienti?  <\/strong><br>Allora prendete facilmente un appuntamento tramite il <a href=\"https:\/\/schiedam.3dtandarts.com\/it\/portale-del-paziente\/\" data-type=\"page\" data-id=\"1197\" target=\"_self\">portale pazienti<\/a>.<\/p>\n<\/div>\n\n\n\n<div class=\"wp-block-greenshift-blocks-row-column gspb_row__col--6 gspb_row__col--md-12 gspb_col-id-gsbp-3783c84\" id=\"gspb_col-id-gsbp-3783c84\">\n<div class=\"wp-block-greenshift-blocks-image gspb_image gspb_image-id-gsbp-6279039\" id=\"gspb_image-id-gsbp-6279039\"><img data-recalc-dims=\"1\" decoding=\"async\" src=\"https:\/\/i0.wp.com\/schiedam.3dtandarts.com\/wp-content\/uploads\/2024\/01\/home-hero-image.webp?resize=1016%2C1049&#038;ssl=1\" data-src=\"\" alt=\"\" loading=\"lazy\" width=\"1016\" height=\"1049\"\/><\/div>\n<\/div>\n <\/div><\/div>\n\n\n\n<hr class=\"wp-block-separator has-alpha-channel-opacity\"\/>\n\n\n\n<h3 class=\"wp-block-heading\" id=\"wat-is-een-wortelkanaalbehandeling\">Che cos'\u00e8 il trattamento canalare?<\/h3>\n\n\n\n<p class=\"translation-block\">Il trattamento canalare (chiamato anche <strong>devitalizzazione<\/strong> o <strong>trattamento endodontico<\/strong>) \u00e8 necessario quando il tessuto molle del dente - la polpa, che contiene nervi e vasi sanguigni - \u00e8 infiammato o morto.<\/p>\n\n\n\n<p>Le cause pi\u00f9 frequenti sono:<\/p>\n\n\n\n<ul class=\"wp-block-list\">\n<li>Carie profonde<\/li>\n\n\n\n<li>Una vecchia otturazione che perde<\/li>\n\n\n\n<li>Una crepa o una frattura nel dente<\/li>\n\n\n\n<li>Un colpo o un incidente<\/li>\n<\/ul>\n\n\n\n<p>La polpa infiammata non guarisce da sola. Se non si interviene, l'infiammazione pu\u00f2 estendersi all'osso intorno alla radice, causando pi\u00f9 dolore, gonfiore e talvolta anche la formazione di un ascesso. Con il trattamento canalare, puliamo a fondo l'interno del dente in modo che l'infiammazione scompaia e il dente possa essere conservato. <\/p>\n\n\n\n<hr class=\"wp-block-separator has-alpha-channel-opacity\"\/>\n\n\n\n<h3 class=\"wp-block-heading\" id=\"doet-een-wortelkanaalbehandeling-pijn\">Il trattamento canalare fa male?<\/h3>\n\n\n\n<p class=\"translation-block\">La maggior parte dei pazienti \u00e8 sorpresa di quanto sia <strong>indolore un trattamento canalare<\/strong>:<\/p>\n\n\n\n<ul class=\"wp-block-list\">\n<li class=\"translation-block\">Trattiamo in anestesia locale<\/strong>; il dente e i tessuti circostanti vengono accuratamente anestetizzati.<\/li>\n\n\n\n<li>Ci prendiamo il tempo necessario per lasciare che l'anestetico faccia effetto con calma.<\/li>\n\n\n\n<li class=\"translation-block\">Durante il trattamento, possiamo sempre <strong>fare una pausa<\/strong> se ne avete bisogno.<\/li>\n<\/ul>\n\n\n\n<p class=\"translation-block\">Lo scopo del trattamento \u00e8 proprio quello di <strong>eliminare il dolore<\/strong>, non di provocarne di nuovo. Dopo il trattamento, il dente potrebbe essere ancora un po' sensibile per qualche giorno, ma di solito \u00e8 facile rimediare con i normali antidolorifici.<\/p>\n\n\n\n<hr class=\"wp-block-separator has-alpha-channel-opacity\"\/>\n\n\n\n<h3 class=\"wp-block-heading\" id=\"hoe-verloopt-een-wortelkanaalbehandeling-bij-3d-tandarts\">Come si svolge il trattamento canalare presso 3D Tandarts?<\/h3>\n\n\n\n<h4 class=\"wp-block-heading\" id=\"vooronderzoek-en-diagnose\">- Esame preliminare e diagnosi<\/h4>\n\n\n\n<p class=\"translation-block\">Iniziamo sempre con un <strong>esame clinico<\/strong> e una radiografia. \u00c8 cos\u00ec che valutiamo:<\/p>\n\n\n\n<ul class=\"wp-block-list\">\n<li>Quanto \u00e8 profonda l'infiammazione<\/li>\n\n\n\n<li>Quante radici e canali ha il dente<\/li>\n\n\n\n<li>Se l'infiammazione attorno alla punta della radice \u00e8 gi\u00e0 visibile<\/li>\n<\/ul>\n\n\n\n<p class=\"translation-block\">Per i casi complessi o i dubbi, possiamo consigliare un'ulteriore diagnostica per immagini; a partire dal 2026, questa includer\u00e0 una <strong>scansione CBCT 3D<\/strong> per una diagnosi e una pianificazione ancora pi\u00f9 precise nei trattamenti endodontici difficili.<\/p>\n\n\n\n<div class=\"wp-block-media-text alignwide has-media-on-the-right is-stacked-on-mobile is-vertically-aligned-center has-white-background-color has-background\" style=\"border-style:none;border-width:0px;border-radius:0px;grid-template-columns:auto 44%\"><div class=\"wp-block-media-text__content\">\n<div class=\"wp-block-group is-layout-flow wp-block-group-is-layout-flow\" style=\"padding-top:2em;padding-right:2em;padding-bottom:2em;padding-left:2em\">\n<h4 class=\"wp-block-heading\" id=\"verdoving-en-rubberdam\">- Anestesia e diga di gomma<\/h4>\n\n\n\n<p class=\"translation-block\">Il dente viene accuratamente <strong>anestetizzato<\/strong>.<br>Poi si posiziona una <strong>diga di gomma<\/strong>: un fazzoletto di gomma che isola il dente. Questo garantisce:<\/p>\n\n\n\n<ul class=\"wp-block-list\">\n<li>Un campo di lavoro pulito e asciutto<\/li>\n\n\n\n<li>Maggiore sicurezza (assenza di strumenti o di liquido di risciacquo in bocca)<\/li>\n\n\n\n<li>Comfort e igiene durante il trattamento<\/li>\n<\/ul>\n\n\n\n<h4 class=\"wp-block-heading\" id=\"werken-onder-vergroting-microscoop\">- Lavorare sotto ingrandimento (microscopio)<\/h4>\n\n\n\n<p class=\"translation-block\">Lavoriamo <strong>sotto ingrandimento (microscopio\/lenti di ingrandimento)<\/strong>. Questo ci permette di:<\/p>\n\n\n\n<ul class=\"wp-block-list\">\n<li>Trovare meglio i canali radicolari sottili<\/li>\n\n\n\n<li>Tracciamento pi\u00f9 accurato di curve e ramificazioni dei canali<\/li>\n\n\n\n<li>Rimuovere meglio le vecchie otturazioni radicolari durante un nuovo trattamento<\/li>\n<\/ul>\n\n\n\n<p>Pi\u00f9 riusciamo a vedere i canali, maggiori sono le possibilit\u00e0 di ottenere un risultato duraturo.<\/p>\n\n\n\n<h4 class=\"wp-block-heading\" id=\"reinigen-en-desinfecteren-van-de-kanalen\">- Pulizia e disinfezione dei canali<\/h4>\n\n\n\n<p>Attraverso una piccola apertura nel dente, raggiungiamo i canali radicolari.<br>Con speciali lime fini e liquidi di risciacquo disinfettanti:<\/p>\n\n\n\n<ul class=\"wp-block-list\">\n<li>Rimozione del tessuto infiammato o morto<\/li>\n\n\n\n<li>Pulizia dei canali lungo tutta la loro lunghezza<\/li>\n\n\n\n<li>Risciacquare e disinfettare ripetutamente<\/li>\n<\/ul>\n\n\n\n<p class=\"translation-block\">Nei casi <strong>pi\u00f9 complessi<\/strong>, utilizziamo anche un <strong>laser a diodo<\/strong> per disinfettare ulteriormente i canali. Il laser aiuta a ridurre i batteri ancora pi\u00f9 in profondit\u00e0 nella parete canalare: un passo in pi\u00f9 per elementi complessi o ripetutamente infiammati.<\/p>\n<\/div>\n<\/div><figure class=\"wp-block-media-text__media\"><img data-recalc-dims=\"1\" alt=\"3D Dentista trattamento del canale radicolare trattamento del canale radicolare terapia canalare\" loading=\"lazy\" decoding=\"async\" width=\"671\" height=\"1024\" src=\"https:\/\/i0.wp.com\/schiedam.3dtandarts.com\/wp-content\/uploads\/2025\/11\/female-patient-giving-thumbs-up-dental-procedure-1.jpg?resize=671%2C1024&#038;ssl=1\" class=\"wp-image-1433 size-full\" srcset=\"https:\/\/i0.wp.com\/schiedam.3dtandarts.com\/wp-content\/uploads\/2025\/11\/female-patient-giving-thumbs-up-dental-procedure-1.jpg?resize=671%2C1024&amp;ssl=1 671w, https:\/\/i0.wp.com\/schiedam.3dtandarts.com\/wp-content\/uploads\/2025\/11\/female-patient-giving-thumbs-up-dental-procedure-1.jpg?resize=197%2C300&amp;ssl=1 197w, https:\/\/i0.wp.com\/schiedam.3dtandarts.com\/wp-content\/uploads\/2025\/11\/female-patient-giving-thumbs-up-dental-procedure-1.jpg?resize=768%2C1171&amp;ssl=1 768w, https:\/\/i0.wp.com\/schiedam.3dtandarts.com\/wp-content\/uploads\/2025\/11\/female-patient-giving-thumbs-up-dental-procedure-1.jpg?resize=8%2C12&amp;ssl=1 8w, https:\/\/i0.wp.com\/schiedam.3dtandarts.com\/wp-content\/uploads\/2025\/11\/female-patient-giving-thumbs-up-dental-procedure-1.jpg?w=1000&amp;ssl=1 1000w\" sizes=\"auto, (max-width: 671px) 100vw, 671px\" \/><\/figure><\/div>\n\n\n\n<h4 class=\"wp-block-heading\" id=\"vullen-van-de-wortelkanalen\">- Otturazione dei canali radicolari<\/h4>\n\n\n\n<p>Quando i canali sono puliti e asciutti, vengono <strong>riempiti tridimensionalmente<\/strong> con uno speciale materiale da otturazione e un cemento radicolare. In questo modo si evita il pi\u00f9 possibile un nuovo ingresso dei batteri. <\/p>\n\n\n\n<h4 class=\"wp-block-heading\" id=\"tijdelijke-of-definitieve-restauratie\">- Restauro temporaneo o permanente<\/h4>\n\n\n\n<p>Dopo il trattamento canalare:<\/p>\n\n\n\n<ul class=\"wp-block-list\">\n<li>Di solito mettiamo un <strong>otturazione temporanea<\/strong><\/li>\n\n\n\n<li>Segue un restauro definitivo (otturazione o corona), a seconda di quanto tessuto dentale \u00e8 ancora presente e di quanto forte deve diventare il dente.<\/li>\n<\/ul>\n\n\n\n<p class=\"translation-block\">Per i molari, spesso si consiglia una <strong>corona<\/strong> per evitare fratture in futuro.<\/p>\n\n\n\n<hr class=\"wp-block-separator has-alpha-channel-opacity\"\/>\n\n\n\n<h3 class=\"wp-block-heading\" id=\"een-of-meerdere-afspraken\">Uno o pi\u00f9 appuntamenti?<\/h3>\n\n\n\n<p class=\"translation-block\">A seconda della situazione possono essere necessarie una o pi\u00f9 sedute:<\/p>\n\n\n\n<ul class=\"wp-block-list\">\n<li class=\"translation-block\">I <strong>casi semplici<\/strong>, con poca infiammazione, spesso possono essere completati in un solo appuntamento.<\/li>\n\n\n\n<li class=\"translation-block\"><strong>I canali radicolari complessi<\/strong>, i ritrattamenti o le forti infiammazioni vengono solitamente eseguiti in <strong>due o pi\u00f9 appuntamenti<\/strong> per motivi di sicurezza.<\/li>\n<\/ul>\n\n\n\n<p>Durante la consultazione iniziale si discute di:<\/p>\n\n\n\n<ul class=\"wp-block-list\">\n<li>Quanti appuntamenti saranno probabilmente necessari<\/li>\n\n\n\n<li>La durata di ogni appuntamento<\/li>\n\n\n\n<li>Una chiara <strong>stima dei costi<\/strong> secondo le tariffe nazionali NZa per l'odontoiatria.<\/li>\n<\/ul>\n\n\n\n<hr class=\"wp-block-separator has-alpha-channel-opacity\"\/>\n\n\n\n<h3 class=\"wp-block-heading\" id=\"een-of-meerdere-afspraken\">Quanto costa il trattamento canalare?<\/h3>\n\n\n\n<p class=\"translation-block\">Il costo di un trattamento canalare dipende da diversi fattori, come il <strong>dente<\/strong> da trattare, il <strong>numero di canali radicolari<\/strong>, la <strong>complessit\u00e0<\/strong> della situazione e la necessit\u00e0 di <strong>uno o pi\u00f9 appuntamenti<\/strong>. Le tariffe sono composte da vari codici NZa (visita, anestesia, trattamento per canale, radiografie, ecc.).<\/p>\n\n\n\n<p class=\"translation-block\">A titolo indicativo, il costo del trattamento canalare negli adulti, <strong>esclusa l'otturazione finale o la corona<\/strong>, \u00e8 solitamente compreso tra circa <strong>400\u20ac e 1.000\u20ac<\/strong>. Noi facciamo sempre un <strong>preventivo chiaro dei costi<\/strong>, in modo che possiate sapere a che punto siete e che possiate verificare con la vostra assicurazione dentale complementare, se necessario.<\/p>\n\n\n\n<p class=\"translation-block\"><strong>Per i bambini e i giovani ragazzi:<\/strong><br>Per tutti i pazienti <strong>di et\u00e0 inferiore ai 18 anni<\/strong> che sono assicurati nei Paesi Bassi (con un BSN e un'assicurazione di base), il trattamento canalare \u00e8 in linea di principio <strong>completamente rimborsato dall'assicurazione di base<\/strong>. Non si paga quindi alcun ticket e non si applica alcuna franchigia per questa cura orale giovanile.<\/p>\n\n\n\n<hr class=\"wp-block-separator has-alpha-channel-opacity\"\/>\n\n\n\n<h3 class=\"wp-block-heading\" id=\"waarom-3d-tandarts-voor-uw-wortelkanaalbehandeling\">Perch\u00e9 scegliere 3D Tandarts per il trattamento canalare?<\/h3>\n\n\n\n<p><strong>3D Tandarts - Stazione Schiedam Centrum<\/strong> \u00e8 uno studio moderno in cui combiniamo l'odontoiatria generale con le cure endodontiche avanzate.<\/p>\n\n\n\n<p><strong>I nostri punti di forza nel trattamento canalare:<\/strong><\/p>\n\n\n\n<ul class=\"wp-block-list\">\n<li>\ud83e\uddb7 <strong>Tecnologia moderna<\/strong><br>Diga di gomma, ingrandimento (microscopio) e disinfezione laser supplementare nei casi difficili.<\/li>\n\n\n\n<li>\ud83c\udfaf <strong>Attenzione alla qualit\u00e0 e al comfort<\/strong><br>Ci prendiamo il nostro tempo, spieghiamo tutto con calma e lavoriamo passo dopo passo.<\/li>\n\n\n\n<li>\ud83d\ude89 <strong>Posizione unica nella stazione Schiedam Centrum<\/strong><br>Facilmente raggiungibile in treno, tram, metropolitana e autobus, ideale per chi proviene da Schiedam, Rotterdam, Vlaardingen o dalle zone circostanti.<\/li>\n\n\n\n<li>\ud83d\udcc8 <strong>Orientamento al futuro<\/strong><br>Dal 2026, ci espanderemo con un <strong>Scanner CBCT<\/strong> Per la diagnostica 3D in endo-casi complessi.<\/li>\n\n\n\n<li class=\"translation-block\">\ud83c\udf0d <strong>Assistenza multilingue<\/strong><br>Trattamenti e spiegazioni disponibili in olandese, inglese e italiano.<\/li>\n<\/ul>\n\n\n\n<hr class=\"wp-block-separator has-alpha-channel-opacity\"\/>\n\n\n\n<h3 class=\"wp-block-heading\" id=\"wanneer-moet-ik-direct-bellen\">Quando devo chiamare immediatamente?<\/h3>\n\n\n\n<p class=\"translation-block\">Prendete contatto con noi  <strong>il prima possibile  <\/strong>se avete uno o pi\u00f9 dei seguenti disturbi:<\/p>\n\n\n\n<ul class=\"wp-block-list\">\n<li>Mal di denti forte e pulsante<\/li>\n\n\n\n<li>Dolore quando si morde o si mastica<\/li>\n\n\n\n<li>Sensibilit\u00e0 di lunga durata a caldo\/freddo<\/li>\n\n\n\n<li>Gonfiore delle gengive o della guancia<\/li>\n\n\n\n<li>Un brufolo (fistola) sulle gengive<\/li>\n<\/ul>\n\n\n\n<p>Questi sintomi possono indicare un'infiammazione del nervo o un'infiammazione intorno alla punta della radice. Quanto prima si interviene, tanto maggiore \u00e8 la possibilit\u00e0 di preservare il dente. <\/p>\n\n\n\n<hr class=\"wp-block-separator has-alpha-channel-opacity\"\/>\n\n\n\n<div class=\"gspb_button_wrapper gspb_button-id-gsbp-01ed3d6\" id=\"gspb_button-id-gsbp-01ed3d6\"><a class=\"wp-block-greenshift-blocks-buttonbox gspb-buttonbox wp-element-button\" href=\"https:\/\/schiedam.3dtandarts.com\/it\/fissare-un-appuntamento\/\" rel=\"noopener\"><span class=\"gspb-buttonbox-textwrap\"><span class=\"gspb-buttonbox-text\"><span class=\"gspb-buttonbox-title\">Prenota ora<\/span><\/span><span class=\"gspb-buttonbox-icon\"><svg xmlns=\"http:\/\/www.w3.org\/2000\/svg\" style=\"width:5rem;height:5rem;margin:10px\" viewbox=\"0 0 24 24\"><path fill-rule=\"evenodd\" d=\"M24 0v22.78h-2.87V4.9L2.03 24 0 21.97l19.1-19.1H1.26V0H24Z\"><\/path><\/svg><\/span><\/span><\/a><\/div>\n\n\n\n<h3 class=\"wp-block-heading\" id=\"veelgestelde-vragen-faq\">Domande frequenti (FAQ)<\/h3>\n\n\n\n<p><strong>Il trattamento canalare fa male?<\/strong><br>No, il trattamento avviene in anestesia locale. Si pu\u00f2 avvertire una pressione, ma non un dolore acuto. <br>In caso di denti molto infiammati, l'anestesia pu\u00f2 essere un po' pi\u00f9 sensibile e talvolta ripetuta, ma lo facciamo sempre con calma e in accordo con voi, in modo che siate il pi\u00f9 possibile a vostro agio.<br>Dopo il trattamento, il dente pu\u00f2 risultare sensibile per alcuni giorni; di solito questo fenomeno \u00e8 ben controllato con l'assunzione regolare di antidolorifici. <\/p>\n\n\n\n<p><strong>Quanto dura il trattamento?<\/strong><br>A seconda del numero di radici e della complessit\u00e0, un trattamento richiede solitamente <strong>da 60 a 90 minuti per dente<\/strong>. Per trattamenti complessi o ripetuti, a volte fissiamo pi\u00f9 appuntamenti.<\/p>\n\n\n\n<p><strong>Avr\u00f2 dei sintomi dopo il trattamento?<\/strong><br>Un leggero fastidio o una sensibilit\u00e0 del dente quando si morde \u00e8 normale nei primi giorni. Di solito si attenua rapidamente. In caso di aumento del dolore, del gonfiore o della febbre, \u00e8 necessario contattarci.<\/p>\n\n\n\n<p><strong>Il trattamento canalare \u00e8 rimborsato?<\/strong><br>Per gli adulti, il trattamento canalare \u00e8 rimborsato solo se si dispone di un\u2019assicurazione dentale integrativa. <br>Per i bambini di et\u00e0 inferiore ai 18 anni con un numero di assicurazione di base olandese (BSN), il trattamento canalare \u00e8 in linea di principio completamente rimborsato dall'assicurazione di base, senza alcuna franchigia.<br>Saremo lieti di verificare con voi se siete assicurati per questo e di fornirvi un preventivo di spesa in anticipo.<\/p>","protected":false},"excerpt":{"rendered":"<p>Snel van uw kiespijn af Last van een zeurende of kloppende kiespijn?Bij 3D Tandarts in Station Schiedam Centrum voeren we wortelkanaalbehandelingen uit met moderne verdoving, rubberdam, vergroting (microscoop) en \u2013 bij complexe gevallen \u2013 aanvullende desinfectie met een laser. Zo wordt de behandeling zo comfortabel en voorspelbaar mogelijk, met als doel uw tand te behouden. [&hellip;]<\/p>\n","protected":false},"author":1,"featured_media":0,"parent":0,"menu_order":0,"comment_status":"closed","ping_status":"closed","template":"","meta":{"_seopress_robots_primary_cat":"","_seopress_titles_title":"%%post_title%%","_seopress_titles_desc":"Last van kiespijn of een ontstoken zenuw? Bij 3D Tandarts in Station Schiedam Centrum voeren we wortelkanaalbehandelingen uit met verdoving, rubberdam, vergroting en laser. Plan direct uw afspraak.","_seopress_robots_index":"","_gspb_post_css":"#gspb_row-id-gsbp-917e1de{justify-content:space-between;margin-top:0;margin-bottom:0;display:flex;flex-wrap:wrap;padding-top:80px;padding-right:80px;padding-left:80px}#gspb_row-id-gsbp-917e1de>.gspb_row__content{display:flex;justify-content:space-between;margin:0 auto;width:100%;flex-wrap:wrap}.gspb_row{position:relative}div[id^=gspb_col-id]{box-sizing:border-box;position:relative;padding:var(--gs-row-column-padding, 15px min(3vw, 20px))}body.gspb-bodyfront #gspb_row-id-gsbp-917e1de>.gspb_row__content{width:var(--theme-container-width, 1200px);max-width:var(--theme-normal-container-max-width, 1200px)}@media (max-width:991.98px){#gspb_row-id-gsbp-917e1de{padding-top:60px;padding-right:50px;padding-left:50px}}@media (max-width:575.98px){#gspb_row-id-gsbp-917e1de{padding-top:50px;padding-right:35px;padding-left:35px}}#gspb_row-id-gsbp-917e1de{background-color:var(--wp--preset--color--palette-color-7, var(--theme-palette-color-7, #F7FAFD))}#gspb_row-id-gsbp-917e1de,#gspb_row-id-gsbp-917e1de>.gspb_backgroundOverlay{border-top-left-radius:40px;border-top-right-radius:40px}#gspb_col-id-gsbp-5380bc3.gspb_row__col--6{width:calc(50% - 25px)}@media (max-width:991.98px){#gspb_col-id-gsbp-5380bc3.gspb_row__col--6{width:100%}}@media (max-width:767.98px){#gspb_col-id-gsbp-5380bc3.gspb_row__col--6{width:calc(100% - 25px)}}@media (max-width:575.98px){#gspb_col-id-gsbp-5380bc3.gspb_row__col--6{width:100%}}.gspb_row #gspb_col-id-gsbp-5380bc3.gspb_row__col--6{padding:0 0 80px}@media (max-width:991.98px){.gspb_row #gspb_col-id-gsbp-5380bc3.gspb_row__col--6{padding-bottom:50px}}body #gspb_col-id-gsbp-5380bc3.gspb_row__col--6{display:flex;flex-direction:column;justify-content:center}#gspb_heading-id-gsbp-c2d49a4{font-size:50px}@media (max-width:991.98px){#gspb_heading-id-gsbp-c2d49a4{font-size:35px}}@media (max-width:575.98px){#gspb_heading-id-gsbp-c2d49a4{font-size:30px}}@media (max-width:991.98px){#gspb_heading-id-gsbp-c2d49a4,#gspb_heading-id-gsbp-c2d49a4 .gsap-g-line{text-align:center!important}}#gspb_heading-id-gsbp-c2d49a4{font-weight:800!important;margin-top:0;margin-bottom:0}@media (max-width:991.98px){.gspb_text-id-gsbp-851a31d,.gspb_text-id-gsbp-851a31d .gsap-g-line{text-align:center!important}}.gspb_text-id-gsbp-851a31d{margin-bottom:24px!important}#gspb_button-id-gsbp-5ffb24f{display:flex;justify-content:flex-start}#gspb_button-id-gsbp-5ffb24f .gspb-buttonbox-text{display:flex;flex-direction:column}#gspb_button-id-gsbp-5ffb24f>.gspb-buttonbox{box-sizing:border-box}#gspb_button-id-gsbp-01ed3d6>.gspb-buttonbox>.gspb-buttonbox-textwrap>.gspb-buttonbox-icon,#gspb_button-id-gsbp-5ffb24f>.gspb-buttonbox>.gspb-buttonbox-textwrap>.gspb-buttonbox-icon{display:flex}#gspb_button-id-gsbp-5ffb24f>.gspb-buttonbox .gspb-buttonbox-icon svg{height:40px!important;width:40px!important;min-width:40px!important}@media (max-width:575.98px){#gspb_button-id-gsbp-5ffb24f>.gspb-buttonbox .gspb-buttonbox-icon svg{height:10px!important;width:10px!important;min-width:10px!important}}#gspb_button-id-gsbp-5ffb24f>.gspb-buttonbox .gspb-buttonbox-icon svg,#gspb_button-id-gsbp-5ffb24f>.gspb-buttonbox .gspb-buttonbox-icon svg path{fill:#ebf127!important}#gspb_button-id-gsbp-5ffb24f>.gspb-buttonbox .gspb-buttonbox-icon svg{margin:0!important}#gspb_button-id-gsbp-5ffb24f>.gspb-buttonbox>.gspb-buttonbox-textwrap{display:flex;flex-direction:row;align-items:center}#gspb_button-id-gsbp-5ffb24f .gspb-buttonbox-icon{margin-left:13px}#gspb_button-id-gsbp-5ffb24f>.gspb-buttonbox .gspb-buttonbox-icon{margin-left:40px}@media (max-width:991.98px){#gspb_button-id-gsbp-5ffb24f{justify-content:center}}#gspb_button-id-gsbp-5ffb24f>.gspb-buttonbox{margin-top:20px;margin-bottom:20px;font-size:40px}@media (max-width:575.98px){#gspb_button-id-gsbp-5ffb24f>.gspb-buttonbox{font-size:20px}}#gspb_col-id-gsbp-3783c84.gspb_row__col--6{width:calc(50% - 25px)}@media (max-width:991.98px){#gspb_col-id-gsbp-3783c84.gspb_row__col--6{width:100%}}@media (max-width:767.98px){#gspb_col-id-gsbp-3783c84.gspb_row__col--6{width:calc(100% - 25px)}}@media (max-width:575.98px){#gspb_col-id-gsbp-3783c84.gspb_row__col--6{width:100%}}.gspb_row #gspb_col-id-gsbp-3783c84.gspb_row__col--6{padding:0}body #gspb_col-id-gsbp-3783c84.gspb_row__col--6{display:flex;flex-direction:column;justify-content:flex-end}@media (max-width:991.98px){#gspb_image-id-gsbp-6279039{text-align:center}}#gspb_image-id-gsbp-6279039 img{vertical-align:top;display:inline-block;box-sizing:border-box;max-width:100%;height:auto}@media (max-width:991.98px){#gspb_image-id-gsbp-6279039 img{width:80%}}@media (max-width:575.98px){#gspb_image-id-gsbp-6279039 img{width:100%}}@media (max-width:991.98px){#gspb_image-id-gsbp-6279039,#gspb_image-id-gsbp-6279039 img{height:auto}}@media (max-width:767.98px){#gspb_image-id-gsbp-6279039,#gspb_image-id-gsbp-6279039 img{height:auto}}@media (max-width:575.98px){#gspb_image-id-gsbp-6279039,#gspb_image-id-gsbp-6279039 img{height:auto}}#gspb_button-id-gsbp-01ed3d6{display:flex;justify-content:flex-start}#gspb_button-id-gsbp-01ed3d6 .gspb-buttonbox-text{display:flex;flex-direction:column}#gspb_button-id-gsbp-01ed3d6>.gspb-buttonbox{box-sizing:border-box}#gspb_button-id-gsbp-01ed3d6>.gspb-buttonbox .gspb-buttonbox-icon svg{height:40px!important;width:40px!important;min-width:40px!important}@media (max-width:575.98px){#gspb_button-id-gsbp-01ed3d6>.gspb-buttonbox .gspb-buttonbox-icon svg{height:10px!important;width:10px!important;min-width:10px!important}}#gspb_button-id-gsbp-01ed3d6>.gspb-buttonbox .gspb-buttonbox-icon svg,#gspb_button-id-gsbp-01ed3d6>.gspb-buttonbox .gspb-buttonbox-icon svg path{fill:#ebf127!important}#gspb_button-id-gsbp-01ed3d6>.gspb-buttonbox .gspb-buttonbox-icon svg{margin:0!important}#gspb_button-id-gsbp-01ed3d6>.gspb-buttonbox>.gspb-buttonbox-textwrap{display:flex;flex-direction:row;align-items:center}#gspb_button-id-gsbp-01ed3d6 .gspb-buttonbox-icon{margin-left:13px}#gspb_button-id-gsbp-01ed3d6>.gspb-buttonbox .gspb-buttonbox-icon{margin-left:40px}@media (max-width:991.98px){#gspb_button-id-gsbp-01ed3d6{justify-content:center}}#gspb_button-id-gsbp-01ed3d6>.gspb-buttonbox{margin-top:20px;margin-bottom:20px;font-size:40px}@media (max-width:575.98px){#gspb_button-id-gsbp-01ed3d6>.gspb-buttonbox{font-size:20px}}","footnotes":""},"class_list":["post-1343","page","type-page","status-publish","hentry"],"blocksy_meta":[],"jetpack_sharing_enabled":true,"_links":{"self":[{"href":"https:\/\/schiedam.3dtandarts.com\/it\/wp-json\/wp\/v2\/pages\/1343","targetHints":{"allow":["GET"]}}],"collection":[{"href":"https:\/\/schiedam.3dtandarts.com\/it\/wp-json\/wp\/v2\/pages"}],"about":[{"href":"https:\/\/schiedam.3dtandarts.com\/it\/wp-json\/wp\/v2\/types\/page"}],"author":[{"embeddable":true,"href":"https:\/\/schiedam.3dtandarts.com\/it\/wp-json\/wp\/v2\/users\/1"}],"replies":[{"embeddable":true,"href":"https:\/\/schiedam.3dtandarts.com\/it\/wp-json\/wp\/v2\/comments?post=1343"}],"version-history":[{"count":8,"href":"https:\/\/schiedam.3dtandarts.com\/it\/wp-json\/wp\/v2\/pages\/1343\/revisions"}],"predecessor-version":[{"id":1861,"href":"https:\/\/schiedam.3dtandarts.com\/it\/wp-json\/wp\/v2\/pages\/1343\/revisions\/1861"}],"wp:attachment":[{"href":"https:\/\/schiedam.3dtandarts.com\/it\/wp-json\/wp\/v2\/media?parent=1343"}],"curies":[{"name":"wp","href":"https:\/\/api.w.org\/{rel}","templated":true}]}}