{"id":1354,"date":"2025-11-16T20:08:03","date_gmt":"2025-11-16T18:08:03","guid":{"rendered":"https:\/\/schiedam.3dtandarts.com\/?page_id=1354"},"modified":"2026-01-04T18:41:00","modified_gmt":"2026-01-04T16:41:00","slug":"estrazione-del-dente-del-giudizio","status":"publish","type":"page","link":"https:\/\/schiedam.3dtandarts.com\/it\/estrazione-del-dente-del-giudizio\/","title":{"rendered":"Estrazione del dente del giudizio presso 3D Tandarts - Stazione Schiedam Centrum"},"content":{"rendered":"<p class=\"translation-block\">Soffrite di un dolore fastidioso o pulsante nella parte posteriore della bocca a causa del molare posteriore? Da <strong>3D Tandarts<\/strong> presso la Stazione di Schiedam, rimuoviamo i denti del giudizio in modo <strong>sicuro e controllato<\/strong>, in anestesia locale e con grande attenzione al vostro comfort.<\/p>\n\n\n\n<p class=\"translation-block\">I nostri dentisti hanno <strong>pi\u00f9 di un decennio di esperienza<\/strong> con:<\/p>\n\n\n\n<ul class=\"wp-block-list\">\n<li>estrazioni difficili<\/li>\n\n\n\n<li>denti del giudizio (semi)erotti<\/li>\n\n\n\n<li>denti del giudizio orizzontali o obliqui<\/li>\n<\/ul>\n\n\n\n<p class=\"translation-block\">A partire dal <strong>2026<\/strong>, disporremo anche di uno scanner <strong>CBCT (radiografia 3D)<\/strong>, che ci permetter\u00e0 di valutare la posizione del dente del giudizio e del nervo in modo ancora pi\u00f9 preciso nei casi complessi e di perfezionare ulteriormente il piano di trattamento.<\/p>\n\n\n\n<p class=\"translation-block\"><strong>\u2714 Dentisti esperti in estrazioni complesse<\/strong><br><strong>\u2714 Moderna tecnologia radiografica, dal 2026 anche CBCT<\/strong><br><strong>\u2714 Spiegazioni chiare, approccio calmo e buona assistenza post-operatoria<\/strong><\/p>\n\n\n\n<div class=\"wp-block-greenshift-blocks-row gspb_row gspb_row-id-gsbp-fecf54a gspb_row--gutter-custom-0\" id=\"gspb_row-id-gsbp-fecf54a\"><div class=\"gspb_row__content\"> \n<div class=\"wp-block-greenshift-blocks-row-column gspb_row__col--6 gspb_row__col--md-12 gspb_col-id-gsbp-cebf624\" id=\"gspb_col-id-gsbp-cebf624\">\n<h2 id=\"gspb_heading-id-gsbp-1d2444f\" class=\"gspb_heading gspb_heading-id-gsbp-1d2444f\">Problemi con il dente del giudizio?<\/h2>\n\n\n\n<div id=\"gspb_text-id-gsbp-567bf7d\" class=\"gspb_text gspb_text-id-gsbp-567bf7d translation-block\">Non aspettate che il dolore peggiori. Fissate subito un appuntamento per valutare la vostra situazione ed evitare che peggiori.<br><br>Cliccate qui sotto per fissare il vostro primo <a href=\"https:\/\/schiedam.3dtandarts.com\/it\/appuntamento-visita-dentista\/\" target=\"_self\">appuntamento<\/a>, <br>o <strong>chiamateci al <a href=\"tel:0108906536\" target=\"_self\">010 890 65 36<\/a><\/strong>.<\/div>\n\n\n\n<div class=\"gspb_button_wrapper gspb_button-id-gsbp-5ffb24f\" id=\"gspb_button-id-gsbp-5ffb24f\"><a class=\"wp-block-greenshift-blocks-buttonbox gspb-buttonbox wp-element-button\" href=\"https:\/\/schiedam.3dtandarts.com\/it\/fissare-un-appuntamento\/\" rel=\"noopener\"><span class=\"gspb-buttonbox-textwrap\"><span class=\"gspb-buttonbox-text\"><span class=\"gspb-buttonbox-title\">Prenota ora<\/span><\/span><span class=\"gspb-buttonbox-icon\"><svg xmlns=\"http:\/\/www.w3.org\/2000\/svg\" style=\"width:5rem;height:5rem;margin:10px\" viewbox=\"0 0 24 24\"><path fill-rule=\"evenodd\" d=\"M24 0v22.78h-2.87V4.9L2.03 24 0 21.97l19.1-19.1H1.26V0H24Z\"><\/path><\/svg><\/span><\/span><\/a><\/div>\n\n\n\n<p class=\"translation-block\"><strong>Siete gi\u00e0 nostri pazienti?  <\/strong><br>Allora prendete facilmente un appuntamento tramite il <a href=\"https:\/\/schiedam.3dtandarts.com\/it\/portale-del-paziente\/\" data-type=\"page\" data-id=\"1197\" target=\"_self\">portale pazienti<\/a>.<\/p>\n<\/div>\n\n\n\n<div class=\"wp-block-greenshift-blocks-row-column gspb_row__col--6 gspb_row__col--md-12 gspb_col-id-gsbp-b3c2fa5\" id=\"gspb_col-id-gsbp-b3c2fa5\">\n<div class=\"wp-block-greenshift-blocks-image gspb_image gspb_image-id-gsbp-0e947bc\" id=\"gspb_image-id-gsbp-0e947bc\"><img data-recalc-dims=\"1\" decoding=\"async\" src=\"https:\/\/i0.wp.com\/schiedam.3dtandarts.com\/wp-content\/uploads\/2024\/01\/home-hero-image.webp?resize=1016%2C1049&#038;ssl=1\" data-src=\"\" alt=\"\" loading=\"lazy\" width=\"1016\" height=\"1049\"\/><\/div>\n<\/div>\n <\/div><\/div>\n\n\n\n<hr class=\"wp-block-separator has-alpha-channel-opacity\"\/>\n\n\n\n<h3 class=\"wp-block-heading\" id=\"wat-is-een-verstandskies-en-waarom-geeft-hij-klachten\">Che cos'\u00e8 un dente del giudizio e perch\u00e9 provoca dei sintomi?<\/h3>\n\n\n\n<p class=\"translation-block\">I denti del giudizio sono i <strong>denti posteriori<\/strong> della bocca e di solito spuntano tra il <strong>17\u00b0 e il 25\u00b0 anno di vita<\/strong>. Spesso lo spazio nella mascella \u00e8 <strong>insufficiente<\/strong> e questo pu\u00f3 causare :<\/p>\n\n\n\n<ul class=\"wp-block-list\">\n<li>malposizione<\/li>\n\n\n\n<li>eruzione solo parziale del dente<\/li>\n\n\n\n<li>mancata eruzione<\/li>\n<\/ul>\n\n\n\n<p>Questo pu\u00f2 portare a:<\/p>\n\n\n\n<ul class=\"wp-block-list\">\n<li>dolore e gonfiore nella parte posteriore della bocca<\/li>\n\n\n\n<li>infiammazione delle gengive intorno al molare (pericoronite)<\/li>\n\n\n\n<li>aree difficili da pulire \u2192 carie e disturbi gengivali<\/li>\n\n\n\n<li>pressione sul molare adiacente, con spostamento o danno<\/li>\n<\/ul>\n\n\n\n<p class=\"translation-block\">In questi casi, la <strong>rimozione del dente<\/strong> pu\u00f2 essere la soluzione migliore per prevenire ulteriori problemi.<\/p>\n\n\n\n<hr class=\"wp-block-separator has-alpha-channel-opacity\"\/>\n\n\n\n<h3 class=\"wp-block-heading\" id=\"moet-mijn-verstandskies-echt-verwijderd-worden\">Il mio dente del giudizio deve essere davvero rimosso?<\/h3>\n\n\n\n<p class=\"translation-block\">Non rimuoviamo i denti del giudizio <strong>automaticamente<\/strong>. Innanzitutto, verifichiamo se \u00e8 davvero necessario. La rimozione di un dente del giudizio ha solitamente senso quando:<\/p>\n\n\n\n<ul class=\"wp-block-list\">\n<li class=\"translation-block\">si sono verificate <strong>ripetute infiammazioni<\/strong> o gonfiori intorno allo stesso molare<\/li>\n\n\n\n<li class=\"translation-block\">c'\u00e8 un buco <strong>profondo<\/strong> che non pu\u00f2 essere trattato correttamente<\/li>\n\n\n\n<li class=\"translation-block\">il dente del giudizio <strong>spinge<\/strong> contro il molare adiacente e lo danneggia<\/li>\n\n\n\n<li class=\"translation-block\">La radiografia mostra un'<strong>infiammazione intorno alla punta della radice<\/strong>.<\/li>\n\n\n\n<li>L'ortodontista consiglia di rimuovere i denti del giudizio.<\/li>\n<\/ul>\n\n\n\n<p class=\"translation-block\">Insieme discutiamo i pro e i contro. Riceverete sempre una <strong>spiegazione chiara<\/strong> e un <strong>piano di trattamento personalizzato<\/strong>.<\/p>\n\n\n\n<hr class=\"wp-block-separator has-alpha-channel-opacity\"\/>\n\n\n\n<h3 class=\"wp-block-heading\" id=\"hoe-verloopt-het-verwijderen-van-een-verstandskies-bij-3d-tandarts\">Qual \u00e8 la procedura di rimozione del dente del giudizio presso 3D Tandarts?<\/h3>\n\n\n\n<h4 class=\"wp-block-heading\" id=\"intake-en-onderzoek\">- Consulenza ed esame<\/h4>\n\n\n\n<p>Iniziamo con:<\/p>\n\n\n\n<ul class=\"wp-block-list\">\n<li>un colloquio sui vostri disturbi e sulla vostra storia clinica<\/li>\n\n\n\n<li>un esame clinico della bocca<\/li>\n\n\n\n<li>una o pi\u00f9 radiografie per valutare correttamente la posizione del dente del giudizio<\/li>\n<\/ul>\n\n\n\n<p class=\"translation-block\">Per le <strong>localizzazioni complesse<\/strong> (ad esempio vicino al nervo o sotto la mascella), spesso consigliamo una scansione <strong>CBCT (imaging 3D)<\/strong> da <strong>2026<\/strong>. Questo ci permette di vedere la posizione esatta in tre dimensioni e di pianificare il trattamento in modo pi\u00f9 sicuro e prevedibile.<\/p>\n\n\n\n<h4 class=\"wp-block-heading\" id=\"verdoving\">- Anestesia<\/h4>\n\n\n\n<p class=\"translation-block\">Prima di iniziare, vi verr\u00e0 somministrato un <strong>anestetico locale<\/strong>. Questo rende il trattamento stesso <strong>indolore<\/strong>; al massimo si sentir\u00e0 una pressione o un movimento, ma non un dolore acuto.<\/p>\n\n\n\n<p>Controlliamo sempre che l'anestetico si sia stabilizzato correttamente prima di iniziare.<\/p>\n\n\n\n<h4 class=\"wp-block-heading\" id=\"operatieve-verwijdering\">- Rimozione chirurgica<\/h4>\n\n\n\n<p><\/p>\n\n\n\n<ul class=\"wp-block-list\">\n<li>Pratichiamo una piccola apertura nelle gengive<\/li>\n\n\n\n<li>Se necessario, rimuoviamo un po' di osso intorno al molare.<\/li>\n\n\n\n<li class=\"translation-block\">A volte il molare viene diviso in <strong>pi\u00f9 pezzi<\/strong> per facilitarne la rimozione.<\/li>\n\n\n\n<li>Quindi risciacquiamo l'area della ferita e riattacchiamo le gengive in modo ordinato <\/li>\n<\/ul>\n\n\n\n<p class=\"translation-block\">Grazie alla nostra <strong>esperienza pluriennale<\/strong> con estrazioni complesse e denti del giudizio, possiamo eseguire la maggior parte dei trattamenti in modo <strong>sicuro nello studio<\/strong>. Solo in casi eccezionali o ad alto rischio ci rivolgiamo al chirurgo orale.<\/p>\n\n\n\n<h4 class=\"wp-block-heading\" id=\"hechten-en-gaasje\">- Punti e garze<\/h4>\n\n\n\n<p>Dopo la rimozione:<\/p>\n\n\n\n<ul class=\"wp-block-list\">\n<li class=\"translation-block\">spesso mettiamo una <strong>gauze<\/strong> da mordere per 30-60 minuti.<\/li>\n\n\n\n<li class=\"translation-block\">Se necessario, la ferita viene <strong>suturata<\/strong> (con suture solubili).<\/li>\n\n\n\n<li class=\"translation-block\">Le verranno fornite istruzioni orali e scritte per la cura successiva<\/strong>.<\/li>\n<\/ul>\n\n\n\n<hr class=\"wp-block-separator has-alpha-channel-opacity\"\/>\n\n\n\n<h3 class=\"wp-block-heading\" id=\"een-of-meerdere-verstandskiezen-tegelijk-laten-trekken\">Estrarre uno o pi\u00f9 denti del giudizio contemporaneamente?<\/h3>\n\n\n\n<p>Discutiamo insieme se \u00e8 saggio farlo:<\/p>\n\n\n\n<ul class=\"wp-block-list\">\n<li class=\"translation-block\"><strong>Rimuovere un dente del giudizio alla volta<\/strong>, oppure<\/li>\n\n\n\n<li class=\"translation-block\"><strong>Rimozione di pi\u00f9 denti del giudizio in un'unica seduta<\/strong><\/li>\n<\/ul>\n\n\n\n<p>Dipende da:<\/p>\n\n\n\n<ul class=\"wp-block-list\">\n<li>la vostra salute generale<\/li>\n\n\n\n<li>la difficolt\u00e0 delle estrazioni<\/li>\n\n\n\n<li>la pianificazione del lavoro e dello studio (periodo di riposo dopo l'intervento) <\/li>\n<\/ul>\n\n\n\n<p class=\"translation-block\">Cerchiamo sempre un equilibrio tra <strong>comfort, sicurezza e recupero<\/strong>.<\/p>\n\n\n\n<hr class=\"wp-block-separator has-alpha-channel-opacity\"\/>\n\n\n\n<h3 class=\"wp-block-heading\" id=\"herstel-en-nazorg\">Convalescenza e cure successive<\/h3>\n\n\n\n<p class=\"translation-block\">Dopo l'asportazione di un dente del giudizio, un po' di <strong>pressione e gonfiore<\/strong> sono normali. Di solito, dopo qualche giorno, i sintomi si attenuano sensibilmente.<\/p>\n\n\n\n<p><strong>Importanti consigli per la cura successiva:<\/strong><\/p>\n\n\n\n<ul class=\"wp-block-list\">\n<li class=\"translation-block\">Mordere con forza la <strong>guaina<\/strong> per i primi 30-60 minuti.<\/li>\n\n\n\n<li class=\"translation-block\"><strong>Non sciacquare, non fumare e non bere alcolici<\/strong> il primo giorno per evitare il post-sanguinamento.<\/li>\n\n\n\n<li class=\"translation-block\">Se necessario, utilizzare un <strong>pacco freddo<\/strong> sulla parte esterna della guancia (con un panno in mezzo).<\/li>\n\n\n\n<li class=\"translation-block\">Per i primi giorni, mangiare <strong>cibo morbido<\/strong> e masticare dall'altro lato.<\/li>\n\n\n\n<li>Assumere le dosi prescritte o consigliate <strong>antidolorifici<\/strong> secondo le istruzioni. <\/li>\n<\/ul>\n\n\n\n<p class=\"translation-block\"><strong>Contattateci direttamente<\/strong> se:<\/p>\n\n\n\n<ul class=\"wp-block-list\">\n<li class=\"translation-block\">il dolore in realt\u00e0 <strong>aumenta<\/strong> invece di diminuire dopo qualche giorno<\/li>\n\n\n\n<li class=\"translation-block\">si sviluppa un <strong>grave post-emorragia<\/strong>, febbre o una guancia spessa e calda<\/li>\n\n\n\n<li>non riesci quasi pi\u00f9 ad aprire la bocca<\/li>\n<\/ul>\n\n\n\n<p>Siamo pronti ad aiutarvi se qualcosa non va come previsto.<\/p>\n\n\n\n<hr class=\"wp-block-separator has-alpha-channel-opacity\"\/>\n\n\n\n<h3 class=\"wp-block-heading\" id=\"kosten-en-vergoeding\">Costi e rimborsi<\/h3>\n\n\n\n<p class=\"translation-block\">Le tariffe per l'<strong>estrazione dei denti<\/strong> sono stabilite nei Paesi Bassi <strong>a livello nazionale<\/strong> dall'NZa<\/strong> (Autorit\u00e0 sanitaria olandese).<\/p>\n\n\n\n<p class=\"translation-block\">Il costo della rimozione di un dente del giudizio dipende dalla <strong>difficolt\u00e0 dell'estrazione<\/strong> (semplice o chirurgica), dal <strong>numero di denti del giudizio<\/strong> da rimuovere in una sola seduta e dalle <strong>radiazioni necessarie<\/strong>. A titolo indicativo, si pu\u00f2 ritenere che, comprese le radiografie necessarie, l'<strong>importo totale si aggiri solitamente tra i 200 e i 500 euro<\/strong>.<\/p>\n\n\n\n<p class=\"translation-block\">In anticipo, facciamo sempre un <strong>preventivo chiaro<\/strong> in base alla vostra situazione, in modo che sappiate esattamente la vostra posizione e, se lo desiderate, possiate verificare con la vostra assicurazione dentale (aggiuntiva) cosa vi verr\u00e0 rimborsato.<\/p>\n\n\n\n<p>Noi:<\/p>\n\n\n\n<ul class=\"wp-block-list\">\n<li class=\"translation-block\">fornire in anticipo una <strong>chiara stima dei costi<\/strong><\/li>\n\n\n\n<li>aiutarvi a consultare la vostra assicurazione, se necessario<\/li>\n<\/ul>\n\n\n\n<p class=\"translation-block\">In questo modo, <strong>non avrete sorprese<\/strong>.<\/p>\n\n\n\n<hr class=\"wp-block-separator has-alpha-channel-opacity\"\/>\n\n\n\n<h3 class=\"wp-block-heading\" id=\"waarom-uw-verstandskies-laten-verwijderen-bij-3d-tandarts\">Perch\u00e9 farsi rimuovere il dente del giudizio da 3D Tandarts?<\/h3>\n\n\n\n<p>Scegliere 3D Tandarts, significa scegliere:<\/p>\n\n\n\n<ul class=\"wp-block-list\">\n<li class=\"translation-block\">\ud83e\uddb7 <strong>Dentisti esperti<\/strong><br>Pi\u00f9 di un decennio di esperienza con estrazioni poche e molto complesse, compresi i denti del giudizio.<\/li>\n\n\n\n<li class=\"translation-block\">\ud83e\udde0 <strong>Spiegazioni semplici e chiare<\/strong><br>Ci prendiamo il tempo necessario per rispondere alle vostre domande e spiegare ogni fase.<\/li>\n\n\n\n<li class=\"translation-block\">\ud83e\ude7b <strong>Diagnostica per Immagini Moderna<\/strong><br>Radiografia digitale ora, e dal 2026 anche <strong>CBCT (radiografia 3D)<\/strong> per i casi complessi.<\/li>\n\n\n\n<li class=\"translation-block\">\ud83d\ude89 <strong>Perfetta Posizione<\/strong><br>Direttamente nella <strong>Station Schiedam Centrum<\/strong>, idealmente accessibile da Schiedam, Rotterdam, Vlaardingen e dalle aree circostanti.<\/li>\n\n\n\n<li class=\"translation-block\">\ud83c\udf0d <strong>Assistenza multilingue<\/strong><br>Trattamenti e spiegazioni disponibili in olandese, inglese e italiano.<\/li>\n<\/ul>\n\n\n\n<div class=\"gspb_button_wrapper gspb_button-id-gsbp-f5cff8e\" id=\"gspb_button-id-gsbp-f5cff8e\"><a class=\"wp-block-greenshift-blocks-buttonbox gspb-buttonbox wp-element-button\" href=\"https:\/\/schiedam.3dtandarts.com\/it\/fissare-un-appuntamento\/\" rel=\"noopener\"><span class=\"gspb-buttonbox-textwrap\"><span class=\"gspb-buttonbox-text\"><span class=\"gspb-buttonbox-title\">Prenota ora<\/span><\/span><span class=\"gspb-buttonbox-icon\"><svg xmlns=\"http:\/\/www.w3.org\/2000\/svg\" style=\"width:5rem;height:5rem;margin:10px\" viewbox=\"0 0 24 24\"><path fill-rule=\"evenodd\" d=\"M24 0v22.78h-2.87V4.9L2.03 24 0 21.97l19.1-19.1H1.26V0H24Z\"><\/path><\/svg><\/span><\/span><\/a><\/div>\n\n\n\n<h3 class=\"wp-block-heading\" id=\"veelgestelde-vragen-over-het-verwijderen-van-verstandskiezen\">Domande frequenti sulla rimozione del dente del giudizio<\/h3>\n\n\n\n<p class=\"translation-block\"><strong>La rimozione del dente del giudizio fa male? <\/strong><br>Il trattamento avviene in anestesia <strong>locale<\/strong>, quindi non si dovrebbe sentire alcun dolore acuto. Tuttavia, \u00e8 possibile che si avverta una certa pressione o una spinta. Se si avverte qualcosa, possiamo sempre <strong>estendere l'anestesia<\/strong>. Nel caso di un dente fortemente infiammato, l'anestesia pu\u00f2 essere un po' pi\u00f9 sensibile e a volte \u00e8 necessaria un'ulteriore iniezione di anestetico, ma lo facciamo sempre passo dopo passo e in consultazione, in modo che possiate vivere il trattamento nel modo pi\u00f9 confortevole possibile.<\/p>\n\n\n\n<hr class=\"wp-block-separator has-alpha-channel-opacity\"\/>\n\n\n\n<p class=\"translation-block\"><strong>Quanto tempo sono disturbato dopo l'estrazione del dente del giudizio? <\/strong><br>Dopo l'intervento, \u00e8 normale avere <strong>dolore e gonfiore<\/strong> per alcuni giorni. Di solito i sintomi si attenuano notevolmente dopo 3-5 giorni, anche se la guarigione delle gengive e dell'osso pu\u00f2 richiedere diverse settimane. Con un buon antidolorifico, il raffreddamento e un'alimentazione delicata, la maggior parte delle persone guarisce senza problemi. In caso di dubbi o di aumento dei sintomi, potete sempre contattarci.<\/p>\n\n\n\n<hr class=\"wp-block-separator has-alpha-channel-opacity\"\/>\n\n\n\n<p class=\"translation-block\"><strong>Quando posso tornare al lavoro o a scuola? <\/strong><br>Questo dipende dalla difficolt\u00e0 dell'estrazione e dal vostro lavoro. Dopo un'estrazione semplice, spesso si pu\u00f2 tornare al lavoro o a scuola dopo <strong>1-2 giorni<\/strong>. Dopo un'estrazione pi\u00f9 chirurgica o complessa, \u00e8 consigliabile prevedere <strong>2-3 giorni<\/strong> di recupero. Se si svolge un lavoro fisicamente impegnativo, potrebbe essere necessario un riposo leggermente superiore; ne discuteremo insieme durante l'appuntamento.<\/p>\n\n\n\n<hr class=\"wp-block-separator has-alpha-channel-opacity\"\/>\n\n\n\n<p class=\"translation-block\"><strong>Cosa posso mangiare e bere dopo la rimozione del dente del giudizio? <\/strong><br>Il giorno del trattamento, si consiglia di:<\/p>\n\n\n\n<ul class=\"wp-block-list\">\n<li>niente cibo o bevande calde (per evitare il sanguinamento successivo)<\/li>\n\n\n\n<li class=\"translation-block\">&lt;Alimenti morbidi<\/strong> come yogurt, zuppa a temperatura tiepida, purea.<\/li>\n\n\n\n<li class=\"translation-block\">masticare sull'<strong>altro lato<\/strong> della bocca<\/li>\n<\/ul>\n\n\n\n<p class=\"translation-block\">Nei primi giorni, evitare cibi duri, appuntiti o friabili (ad es. patatine, baguette, noci) che potrebbero rimanere incastrati nella ferita. Si sconsiglia inoltre di fumare e bere alcolici, che possono interferire con la guarigione, per almeno 48 ore dopo il trattamento.<\/p>\n\n\n\n<hr class=\"wp-block-separator has-alpha-channel-opacity\"\/>","protected":false},"excerpt":{"rendered":"<p>Last van een zeurende of kloppende pijn achter in de mond, door uw achterste kies? Een ontstoken verstandskies moet meestal getrokken worden.Bij 3D Tandarts in Station Schiedam Centrum verwijderen we verstandskiezen op een veilige en gecontroleerde manier, onder lokale verdoving en met veel aandacht voor uw comfort. Onze tandartsen hebben meer dan tien jaar ervaring [&hellip;]<\/p>\n","protected":false},"author":1,"featured_media":0,"parent":0,"menu_order":0,"comment_status":"closed","ping_status":"closed","template":"","meta":{"_seopress_robots_primary_cat":"","_seopress_titles_title":"%%post_title%%","_seopress_titles_desc":"Last van uw verstandskies? Bij 3D Tandarts in Station Schiedam Centrum verwijderen we verstandskiezen veilig en vrijwel pijnloos, met meer dan tien jaar ervaring en moderne r\u00f6ntgentechniek. Plan direct uw afspraak.","_seopress_robots_index":"","_gspb_post_css":"#gspb_row-id-gsbp-fecf54a{justify-content:space-between;margin-top:0;margin-bottom:0;display:flex;flex-wrap:wrap;padding-top:80px;padding-right:80px;padding-left:80px}#gspb_row-id-gsbp-fecf54a>.gspb_row__content{display:flex;justify-content:space-between;margin:0 auto;width:100%;flex-wrap:wrap}.gspb_row{position:relative}div[id^=gspb_col-id]{box-sizing:border-box;position:relative;padding:var(--gs-row-column-padding, 15px min(3vw, 20px))}body.gspb-bodyfront #gspb_row-id-gsbp-fecf54a>.gspb_row__content{width:var(--theme-container-width, 1200px);max-width:var(--theme-normal-container-max-width, 1200px)}@media (max-width:991.98px){#gspb_row-id-gsbp-fecf54a{padding-top:60px;padding-right:50px;padding-left:50px}}@media (max-width:575.98px){#gspb_row-id-gsbp-fecf54a{padding-top:50px;padding-right:35px;padding-left:35px}}#gspb_row-id-gsbp-fecf54a{background-color:var(--wp--preset--color--palette-color-7, var(--theme-palette-color-7, #F7FAFD))}#gspb_row-id-gsbp-fecf54a,#gspb_row-id-gsbp-fecf54a>.gspb_backgroundOverlay{border-top-left-radius:40px;border-top-right-radius:40px}#gspb_col-id-gsbp-cebf624.gspb_row__col--6{width:calc(50% - 25px)}@media (max-width:991.98px){#gspb_col-id-gsbp-cebf624.gspb_row__col--6{width:100%}}@media (max-width:767.98px){#gspb_col-id-gsbp-cebf624.gspb_row__col--6{width:calc(100% - 25px)}}@media (max-width:575.98px){#gspb_col-id-gsbp-cebf624.gspb_row__col--6{width:100%}}.gspb_row #gspb_col-id-gsbp-cebf624.gspb_row__col--6{padding:0 0 80px}@media (max-width:991.98px){.gspb_row #gspb_col-id-gsbp-cebf624.gspb_row__col--6{padding-bottom:50px}}body #gspb_col-id-gsbp-cebf624.gspb_row__col--6{display:flex;flex-direction:column;justify-content:center}#gspb_heading-id-gsbp-1d2444f{font-size:50px}@media (max-width:991.98px){#gspb_heading-id-gsbp-1d2444f{font-size:35px}}@media (max-width:575.98px){#gspb_heading-id-gsbp-1d2444f{font-size:30px}}@media (max-width:991.98px){#gspb_heading-id-gsbp-1d2444f,#gspb_heading-id-gsbp-1d2444f .gsap-g-line{text-align:center!important}}#gspb_heading-id-gsbp-1d2444f{font-weight:800!important;margin-top:0;margin-bottom:0}@media (max-width:991.98px){.gspb_text-id-gsbp-567bf7d,.gspb_text-id-gsbp-567bf7d .gsap-g-line{text-align:center!important}}.gspb_text-id-gsbp-567bf7d{margin-bottom:24px!important}#gspb_col-id-gsbp-b3c2fa5.gspb_row__col--6{width:calc(50% - 25px)}@media (max-width:991.98px){#gspb_col-id-gsbp-b3c2fa5.gspb_row__col--6{width:100%}}@media (max-width:767.98px){#gspb_col-id-gsbp-b3c2fa5.gspb_row__col--6{width:calc(100% - 25px)}}@media (max-width:575.98px){#gspb_col-id-gsbp-b3c2fa5.gspb_row__col--6{width:100%}}.gspb_row #gspb_col-id-gsbp-b3c2fa5.gspb_row__col--6{padding:0}body #gspb_col-id-gsbp-b3c2fa5.gspb_row__col--6{display:flex;flex-direction:column;justify-content:flex-end}@media (max-width:991.98px){#gspb_image-id-gsbp-0e947bc{text-align:center}}#gspb_image-id-gsbp-0e947bc img{vertical-align:top;display:inline-block;box-sizing:border-box;max-width:100%;height:auto}@media (max-width:991.98px){#gspb_image-id-gsbp-0e947bc img{width:80%}}@media (max-width:575.98px){#gspb_image-id-gsbp-0e947bc img{width:100%}}@media (max-width:991.98px){#gspb_image-id-gsbp-0e947bc,#gspb_image-id-gsbp-0e947bc img{height:auto}}@media (max-width:767.98px){#gspb_image-id-gsbp-0e947bc,#gspb_image-id-gsbp-0e947bc img{height:auto}}@media (max-width:575.98px){#gspb_image-id-gsbp-0e947bc,#gspb_image-id-gsbp-0e947bc img{height:auto}}#gspb_button-id-gsbp-5ffb24f{display:flex;justify-content:flex-start}#gspb_button-id-gsbp-5ffb24f .gspb-buttonbox-text{display:flex;flex-direction:column}#gspb_button-id-gsbp-5ffb24f>.gspb-buttonbox{box-sizing:border-box}#gspb_button-id-gsbp-5ffb24f>.gspb-buttonbox>.gspb-buttonbox-textwrap>.gspb-buttonbox-icon,#gspb_button-id-gsbp-f5cff8e>.gspb-buttonbox>.gspb-buttonbox-textwrap>.gspb-buttonbox-icon{display:flex}#gspb_button-id-gsbp-5ffb24f>.gspb-buttonbox .gspb-buttonbox-icon svg{height:40px!important;width:40px!important;min-width:40px!important}@media (max-width:575.98px){#gspb_button-id-gsbp-5ffb24f>.gspb-buttonbox .gspb-buttonbox-icon svg{height:10px!important;width:10px!important;min-width:10px!important}}#gspb_button-id-gsbp-5ffb24f>.gspb-buttonbox .gspb-buttonbox-icon svg,#gspb_button-id-gsbp-5ffb24f>.gspb-buttonbox .gspb-buttonbox-icon svg path{fill:#ebf127!important}#gspb_button-id-gsbp-5ffb24f>.gspb-buttonbox .gspb-buttonbox-icon svg{margin:0!important}#gspb_button-id-gsbp-5ffb24f>.gspb-buttonbox>.gspb-buttonbox-textwrap{display:flex;flex-direction:row;align-items:center}#gspb_button-id-gsbp-5ffb24f .gspb-buttonbox-icon{margin-left:13px}#gspb_button-id-gsbp-5ffb24f>.gspb-buttonbox .gspb-buttonbox-icon{margin-left:40px}@media (max-width:991.98px){#gspb_button-id-gsbp-5ffb24f{justify-content:center}}#gspb_button-id-gsbp-5ffb24f>.gspb-buttonbox{margin-top:20px;margin-bottom:20px;font-size:40px}@media (max-width:575.98px){#gspb_button-id-gsbp-5ffb24f>.gspb-buttonbox{font-size:20px}}#gspb_button-id-gsbp-f5cff8e{display:flex;justify-content:flex-start}#gspb_button-id-gsbp-f5cff8e .gspb-buttonbox-text{display:flex;flex-direction:column}#gspb_button-id-gsbp-f5cff8e>.gspb-buttonbox{box-sizing:border-box}#gspb_button-id-gsbp-f5cff8e>.gspb-buttonbox .gspb-buttonbox-icon svg{height:40px!important;width:40px!important;min-width:40px!important}@media (max-width:575.98px){#gspb_button-id-gsbp-f5cff8e>.gspb-buttonbox .gspb-buttonbox-icon svg{height:10px!important;width:10px!important;min-width:10px!important}}#gspb_button-id-gsbp-f5cff8e>.gspb-buttonbox .gspb-buttonbox-icon svg,#gspb_button-id-gsbp-f5cff8e>.gspb-buttonbox .gspb-buttonbox-icon svg path{fill:#ebf127!important}#gspb_button-id-gsbp-f5cff8e>.gspb-buttonbox .gspb-buttonbox-icon svg{margin:0!important}#gspb_button-id-gsbp-f5cff8e>.gspb-buttonbox>.gspb-buttonbox-textwrap{display:flex;flex-direction:row;align-items:center}#gspb_button-id-gsbp-f5cff8e .gspb-buttonbox-icon{margin-left:13px}#gspb_button-id-gsbp-f5cff8e>.gspb-buttonbox .gspb-buttonbox-icon{margin-left:40px}@media (max-width:991.98px){#gspb_button-id-gsbp-f5cff8e{justify-content:center}}#gspb_button-id-gsbp-f5cff8e>.gspb-buttonbox{margin-top:20px;margin-bottom:20px;font-size:40px}@media (max-width:575.98px){#gspb_button-id-gsbp-f5cff8e>.gspb-buttonbox{font-size:20px}}","footnotes":""},"class_list":["post-1354","page","type-page","status-publish","hentry"],"blocksy_meta":[],"jetpack_sharing_enabled":true,"_links":{"self":[{"href":"https:\/\/schiedam.3dtandarts.com\/it\/wp-json\/wp\/v2\/pages\/1354","targetHints":{"allow":["GET"]}}],"collection":[{"href":"https:\/\/schiedam.3dtandarts.com\/it\/wp-json\/wp\/v2\/pages"}],"about":[{"href":"https:\/\/schiedam.3dtandarts.com\/it\/wp-json\/wp\/v2\/types\/page"}],"author":[{"embeddable":true,"href":"https:\/\/schiedam.3dtandarts.com\/it\/wp-json\/wp\/v2\/users\/1"}],"replies":[{"embeddable":true,"href":"https:\/\/schiedam.3dtandarts.com\/it\/wp-json\/wp\/v2\/comments?post=1354"}],"version-history":[{"count":5,"href":"https:\/\/schiedam.3dtandarts.com\/it\/wp-json\/wp\/v2\/pages\/1354\/revisions"}],"predecessor-version":[{"id":1860,"href":"https:\/\/schiedam.3dtandarts.com\/it\/wp-json\/wp\/v2\/pages\/1354\/revisions\/1860"}],"wp:attachment":[{"href":"https:\/\/schiedam.3dtandarts.com\/it\/wp-json\/wp\/v2\/media?parent=1354"}],"curies":[{"name":"wp","href":"https:\/\/api.w.org\/{rel}","templated":true}]}}